{"id":1034,"date":"2019-09-05T17:07:01","date_gmt":"2019-09-05T17:07:01","guid":{"rendered":"https:\/\/ljubisatrivic.com\/blepk\/?page_id=1034"},"modified":"2019-09-09T21:25:18","modified_gmt":"2019-09-09T21:25:18","slug":"koncept","status":"publish","type":"page","link":"https:\/\/ljubisatrivic.com\/blepk\/la\/koncept\/","title":{"rendered":"Koncept"},"content":{"rendered":"\n\t<h1>Oposites<br \/>\nAttract<\/h1>\n<h2>Banjaluka 2024<\/h2>\n<p>Evropska prestonica kulture<\/p>\n<p>Grad kandidat<\/p>\n\t<h3>Koncept<\/h3>\n\t<p>&#8220;Suprotnosti se privla\u010de&#8221;\u00a0se odnosi na fenomen elektromagnetizam, koji ne\u017eivom metalnom predmetu daje svojstva elektromagneta u trenutku kada elektri\u010dna struja pro\u0111e kroz njegove suprotne polove. Slijede\u0107i ovu analogiju, Banjaluku, na\u0161 grad, vidimo kao ne\u017eivi predmet, ili obi\u010dnu metalnu \u0161ipku, kulturu kao (namotaj) \u017eice koja provodi energiju potrebnu za novi identitet, a projekat \u201eEvropska prestonica kulture\u201d kao bateriju koja \u0107e baciti prvu varnicu i polu\u017eiti kao pokreta\u010dka sila u \u010ditavom tom procesu transformacije. To zna\u010di da su ovi elementi me\u0111usobno u sprezi i da bez njih Banja Luka jednostavno ne mo\u017ee postati elektromagnet ka kojem te\u017ei jer bi bez baterije i njenih suprotnih polova ona bila komad metala omotan \u017eicom, kao \u0161to je to danas. Suprotnosti iz ovog slogana se odnose na ne\u0161to \u0161to nije nu\u017eno pozitivno ili negativno nego radije druga\u010dije (od drugog) gdje je, kroz njihovo spajanje, namjera stvoriti ne\u0161to posve novo. Koncept na\u0161eg umjetni\u010dkog programa oslanja se na ovu metaforu. U duhu fizike i zabave, podijelili smo ga na dva programska pola. Prvi, kapaciteti, se ti\u010de podru\u010dja koja smatramo problemati\u010dnim i odnosi se na na\u0161e slabosti, na kapacitet koje \u017eelimo da\u00a0<em>o\u017eivimo<\/em>, a drugi na resurse koje imamo ali \u010desto zanemarujemo, na potencijale u koje \u017eelimo da\u00a0<em>ulijemo energiju<\/em>. Svaki od ova dva\u00a0<em>pola\u00a0<\/em>podijeljen je u dvije struje projekata, \u0161to kad se sabere \u010dini ukupno \u010detiri\u00a0<em>programske struje\u00a0<\/em>\u2013\u00a0<em>Naizmeni\u010dna struja, Punjenje baterije, Iskra\u00a0<\/em>i\u00a0<em>Nova energija<\/em>.<\/p>\n\t<p>NAIZMJENI\u010cNA STRUJA<\/p>\n<p>Naizmjeni\u010dna struja je ona koja mijenja smjer. Ali promijeniti svoj smjer nije uvijek najlak\u0161i zadatak. Samim tim, \u201cNaizmjeni\u010dna struja\u201d nastoji napraviti prvi, neophodni korak u transformisanju Banjaluke, ali i Bosne i Hercegovine, dr\u017eave koja je prekinula najdu\u017ei period mira u Evropi, u otvoreno, multikulturalno evropsko dru\u0161tvo.<\/p>\n\t<p>ISKRA<\/p>\n<p>Iskra se desi kada se dva neo\u010dekivana tijela spoje. Prate\u0107i ovu analogiju, \u201cIskra\u201d je posve\u0107ena na\u0161em kulturnom i industrijskom naslje\u0111u i fokus stavlja na pronalazak inovativnih na\u010dina prezentovanja materijalnog i nematerijalnog naslje\u0111a u savremenom kontekstu.<\/p>\n\t<p>PUNJENJE BATERIJE<\/p>\n<p>Svi ponekad moramo napuniti svoje baterije, bez obzira na situaciju ili kontekst u kojem se nalazimo. S tim u vezi, \u201cPunjenje baterije\u201d je struja \u010diji se projekti bave problemima grada, odnosno nedostatkom kapaciteta bilo da je rije\u010d o ljudima, prostorima ili konekcijama.<\/p>\n\t<p>NOVA ENERGIJA<\/p>\n<p>Klju\u010d u stvaranju nove energije je natjerati ne\u0161to da se pomjeri. U na\u0161em slu\u010daju, sa mrtve ta\u010dke. \u201cNova energija\u201d dovodi kulturu i umjetnost u vezu sa prirodom, na neo\u010dekivana mjesta, istovremeno podi\u017eu\u0107i svijest o \u017eivotnoj sredini i doprinose\u0107i njenom o\u010duvanju i za\u0161titi.<\/p>\n\t<p>Strategija na\u0161eg programa, vo\u0111ena lajtmotivom \u201cSuo\u010davanje\u201d, a pod sloganom \u201cSuprotnosti se privla\u010de\u201d, bazirana je na \u010detiri klju\u010dne teme:<\/p>\n\t<p><strong>Jedinstvo razli\u010ditosti<\/strong><\/p>\n\t\t\t\t<img loading=\"lazy\" decoding=\"async\" src=\"https:\/\/ljubisatrivic.com\/blepk\/wp-content\/uploads\/2019\/09\/koncept__image1-1.jpg\" alt=\"Banja Luka 2024 - koncept\" itemprop=\"image\" height=\"370\" width=\"575\" title=\"Banja Luka 2024 - koncept\" onerror=\"this.style.display='none'\"  \/>\n\t<p><strong>Mjesto susreta<\/strong><\/p>\n\t\t\t\t<img loading=\"lazy\" decoding=\"async\" src=\"https:\/\/ljubisatrivic.com\/blepk\/wp-content\/uploads\/2019\/09\/koncept__image3-1.jpg\" alt=\"Banja Luka 2024 - koncept\" itemprop=\"image\" height=\"370\" width=\"575\" title=\"Banja Luka 2024 - koncept\" onerror=\"this.style.display='none'\"  \/>\n\t<p><strong>Povratak Evropi kroz otkrivanje novog narativa<\/strong><\/p>\n\t\t\t\t<img loading=\"lazy\" decoding=\"async\" src=\"https:\/\/ljubisatrivic.com\/blepk\/wp-content\/uploads\/2019\/09\/koncept__image2-1.jpg\" alt=\"Banja Luka 2024 - koncept\" itemprop=\"image\" height=\"370\" width=\"575\" title=\"Banja Luka 2024 - koncept\" onerror=\"this.style.display='none'\"  \/>\n\t<p><strong>Grad kao radionica<\/strong><\/p>\n\t\t\t\t<img loading=\"lazy\" decoding=\"async\" src=\"https:\/\/ljubisatrivic.com\/blepk\/wp-content\/uploads\/2019\/09\/koncept__image4-1.jpg\" alt=\"Banja Luka 2024 - koncept\" itemprop=\"image\" height=\"370\" width=\"575\" title=\"Banja Luka 2024 - koncept\" onerror=\"this.style.display='none'\"  \/>\n","protected":false},"excerpt":{"rendered":"<p>Oposites Attract Banjaluka 2024 Evropska prestonica kulture Grad kandidat Koncept &#8220;Suprotnosti se privla\u010de&#8221;\u00a0se odnosi na fenomen elektromagnetizam, koji ne\u017eivom metalnom predmetu daje svojstva elektromagneta u trenutku kada elektri\u010dna struja pro\u0111e kroz njegove suprotne polove. Slijede\u0107i ovu analogiju, Banjaluku, na\u0161 grad, vidimo kao ne\u017eivi predmet, ili obi\u010dnu metalnu \u0161ipku, kulturu kao (namotaj) \u017eice koja provodi energiju &hellip;<\/p>\n<p class=\"read-more\"> <a class=\"\" href=\"https:\/\/ljubisatrivic.com\/blepk\/la\/koncept\/\"> <span class=\"screen-reader-text\">Koncept<\/span> Read More &raquo;<\/a><\/p>\n","protected":false},"author":1,"featured_media":0,"parent":0,"menu_order":0,"comment_status":"closed","ping_status":"closed","template":"","meta":{"footnotes":""},"_links":{"self":[{"href":"https:\/\/ljubisatrivic.com\/blepk\/wp-json\/wp\/v2\/pages\/1034"}],"collection":[{"href":"https:\/\/ljubisatrivic.com\/blepk\/wp-json\/wp\/v2\/pages"}],"about":[{"href":"https:\/\/ljubisatrivic.com\/blepk\/wp-json\/wp\/v2\/types\/page"}],"author":[{"embeddable":true,"href":"https:\/\/ljubisatrivic.com\/blepk\/wp-json\/wp\/v2\/users\/1"}],"replies":[{"embeddable":true,"href":"https:\/\/ljubisatrivic.com\/blepk\/wp-json\/wp\/v2\/comments?post=1034"}],"version-history":[{"count":26,"href":"https:\/\/ljubisatrivic.com\/blepk\/wp-json\/wp\/v2\/pages\/1034\/revisions"}],"predecessor-version":[{"id":1256,"href":"https:\/\/ljubisatrivic.com\/blepk\/wp-json\/wp\/v2\/pages\/1034\/revisions\/1256"}],"wp:attachment":[{"href":"https:\/\/ljubisatrivic.com\/blepk\/wp-json\/wp\/v2\/media?parent=1034"}],"curies":[{"name":"wp","href":"https:\/\/api.w.org\/{rel}","templated":true}]}}