{"id":1036,"date":"2019-09-05T17:07:31","date_gmt":"2019-09-05T17:07:31","guid":{"rendered":"https:\/\/ljubisatrivic.com\/blepk\/?page_id=1036"},"modified":"2019-09-10T19:04:21","modified_gmt":"2019-09-10T19:04:21","slug":"strategija","status":"publish","type":"page","link":"https:\/\/ljubisatrivic.com\/blepk\/la\/strategija\/","title":{"rendered":"Strategija"},"content":{"rendered":"\n\t<h1>Strategija<\/h1>\n<h2>Banjaluka 2024<\/h2>\n<p>Evropska prestonica kulture<\/p>\n<p>Grad kandidat<\/p>\n\t<p>Dokument Strategija razvoja kulture grada Banjaluka 2018-2028 usvojen je 26. juna 2018. godinena sjednici Skup\u0161tine grada. Ovaj dokument, na kojem se radilo vi\u0161e od godinu dana i koji je skoro dva mjeseca bio u javnoj raspravi, donosi viziju, misiju i strate\u0161ka opredjeljenja kulturnog razvoja u period od 2018. do 2028. godine.<\/p>\n<h3>Op\u0161ti ciljevi<\/h3>\n<p>Strategija, koja je u proces izrade uklju\u010dila cijeli kulturni sektor, je na osnovu klju\u010dnih izazova definisala \u0161est op\u0161tih ciljeva:<\/p>\n<ol>\n<li>Transparentna i participativna kulturna politika<\/li>\n<li>Razvijena infrastrukturna mre\u017ea za kulturu i umjetnost<\/li>\n<li>Jaka, autenti\u010dna i profesionalna umjetni\u010dka scena<\/li>\n<li>Definisana kulturna politika i strategija u oblastima kulturnog i prirodnog naslje\u0111a<\/li>\n<li>Razvijene kulturne i kreativne industrije<\/li>\n<li>Kulture u dijalogu<\/li>\n<\/ol>\n<p>Na ovaj na\u010din tri va\u017ena aspekta kulture su zastupljena, budu\u0107i da se kulturni sektor u posljednje vrijeme naj\u010de\u0161\u0107e defini\u0161e tako da uklju\u010duje umjetnost, naslje\u0111e, kulturne i kreativne industrije.<\/p>\n<p><a href=\"http:\/\/www.banjaluka.rs.ba\/wp-content\/uploads\/pdf\/strategija-2018-2028.pdf\" target=\"_blank\" rel=\"noopener noreferrer\">Preuzmi strategiju<\/a><\/p>\n\t\t\tIZAZOV\n\t\t<p>Izazovi, prepoznati od strane javnih ustanova, nezavisnog sektora, kulturnih radnika i umjetnika, su:<\/p>\n<ol>\n<li>Nedovoljna finansijska ulaganja u kulturu<\/li>\n<li>Nedostatak jasnih ciljeva, vizije i transparentnog planiranja<\/li>\n<li>Nedovoljno dobar rad Odjeljenja nadle\u017enog za kulturu<\/li>\n<li>Slabo razvijena nezavisna scena<\/li>\n<li>Obrazovanje ne priprema mlade za savremenu umjetnost i kulturu<\/li>\n<li>Nezainteresovanost politi\u010dke i ekonomske elite za kulturu<\/li>\n<li>Kulturna nepismenost publike<\/li>\n<li>Umjetnost je marginalizovana u \u0161kolskim programima<\/li>\n<li>Nedovoljna ulaganja u doma\u0107i kadar i doma\u0107u produkciju<\/li>\n<li>Prevelik uticaj politike na kulturu<\/li>\n<li>Javni prostor Banjaluke nije dovoljno iskori\u0161ten za kulturu<\/li>\n<li>Nizak nivo profesionalnosti umjetnika, menad\u017eera i stru\u010dnjaka u kulturi<\/li>\n<li>Nebriga o kulturnom naslje\u0111u i spomenicima kulture<\/li>\n<li>Lo\u0161e rukovo\u0111enje javnim ustanovama kulture<\/li>\n<li>Neefikasni podsticaji za filantropiju i sponzorstva<\/li>\n<li>Dom omladine nije dovoljno iskori\u0161ten za kulturne sadr\u017eaje<\/li>\n<li>Banja Luka nema razviijenu mre\u017eu prostora za umjetnost<\/li>\n<li>Nedovoljna ulaganja u projektne aktivnosti<\/li>\n<li>Banski dvor nije dovoljno iskori\u0161ten za kulturne sadr\u017eaje<\/li>\n<li>Vrbas nije dovoljno iskori\u0161ten za kulturne sadr\u017eaje<\/li>\n<li>Nebriga o kulturi \u017eivljenja i prostoru generalno<\/li>\n<li>Mladi umjetnici nemaju dovoljno prostora za stvaranje<\/li>\n<li>nekvalitetni programi<\/li>\n<li>Neravnomjeran pristup kulturi u razli\u010ditim dijelovima grada<\/li>\n<\/ol>\n<p>Ne\u0161to vi\u0161e od dvadeset definisanih klju\u010dnih izazova poslu\u017eilo je kao polazna ta\u010dka u formiranju projekta <a href=\"https:\/\/ljubisatrivic.com\/blepk\/la\/koncept\/\" target=\"_blank\" rel=\"noopener noreferrer\">Banja Luka 2024<\/a>.<\/p>\n\t\t\tPRIORITETI STRATEGIJE\n\t\t<p>Iskra se desi kada se dva neo\u010dekivana tijela spoje. Prate\u0107i ovu analogiju, \u201cIskra\u201d je posve\u0107ena na\u0161em kulturnom i industrijskom naslje\u0111u i fokus stavlja na pronalazak inovativnih na\u010dina prezentovanja materijalnog i nematerijalnog naslje\u0111a u savremenom kontekstu.<\/p>\n<ol>\n<li>Pove\u0107ati izdvajanja za kulturu na lokalnom nivou (Grad Banja Luka) kao preduslov za realizaciju strategije i drugih strate\u0161kih ciljeva<\/li>\n<li>Transparentnost u procesu finansiranja i sufinansiranja programa i projekata u kulturi i depolitizacija kulture<\/li>\n<li>Stvaranje uslova za nesmetano razvijanje umjetni\u010dke produkcije i stvarala\u0161tva (obezbijediti prostor, pove\u0107ati broj projekata doma\u0107e umjetni\u010dke produkcije i stvarala\u0161tva)<\/li>\n<li>Razvoj publike i u\u010de\u0161\u0107e gra\u0111ana u kulturnom \u017eivotu<\/li>\n<li>Kandidovati Grad za Evropsku prestonicu kulture<\/li>\n<li>Ja\u010dati praksu upravljanja kulturnim i prirodnim naslje\u0111em koja povezuje njegovo odr\u017eivo kori\u0161\u0107enje i razvoj grada<\/li>\n<li>Kulturna raznolikost i socijalna inkluzija<\/li>\n<li>Za\u0161titi i odgovorno koristiti javne prostore<\/li>\n<li>Saradnja i prisutnost na me\u0111unarodnoj sceni<\/li>\n<li>Vratiti instituciju konkursa u postupke izbora idejnih rje\u0161enja od zna\u010daja za kulturu i identitet grada<\/li>\n<li>Ja\u010danje institucionalne i infrastrukturne podr\u0161ke razvoju kulturnih i kreativnih industrija i promjena percepcije kulturnih i kreativnih industrija<\/li>\n<li>Ja\u010dati kapacitete organizacija civilnog dru\u0161tva kako bi se uklju\u010dile u proces za\u0161tite i odgovornog kori\u0161\u0107enja kulturnog i prirodnog naslje\u0111a<\/li>\n<li>Obezbijediti fond za projekte iz oblasti kulture i umjetnosti koji su bili uspje\u0161ni na evropskim i me\u0111unarodnim programima<\/li>\n<\/ol>\n\t<p>EPK KANDIDATURA<\/p>\n<p>Banjalu\u010dka strategija je prva strategija razvoja kulture jednog grada u Bosni i Hercegovini, a nastala je iz inicijative da se Banjaluka kandiduje za titulu Evropska prestonica kulture 2024.<\/p>\n\t<p>AUTORI STRATEGIJE<\/p>\n<p>Autori Strategije su: Monika Ponjavi\u0107, Dijana Grbi\u0107, Marko Bilbija, u saradnji sa dr Saritom Vujkovi\u0107 i Mladenom Banjcem. Urednik Strategije je Monika Ponjavi\u0107, a savjetnik na njenoj izradi bila je prof. dr Milena Dragi\u0107evi\u0107-\u0160e\u0161i\u0107.<\/p>\n\t<p>\u010cetiri op\u0161ta cilja Strategije razvoja kulture, pored izazova i prioriteta, poslu\u017eila su kao okvir za definisanje programskog koncepta Aplikacije Banja Luka 2024: <\/p>\n\t<p><strong>Kulture u dijalogu<\/strong><\/p>\n\t\t\t\t<img loading=\"lazy\" decoding=\"async\" src=\"https:\/\/ljubisatrivic.com\/blepk\/wp-content\/uploads\/2019\/09\/strategija_image3.jpg\" alt=\"Strategija\" itemprop=\"image\" height=\"370\" width=\"575\" title=\"Strategija\" onerror=\"this.style.display='none'\"  \/>\n\t<p><strong>Naslje\u0111e<\/strong><\/p>\n\t\t\t\t<img loading=\"lazy\" decoding=\"async\" src=\"https:\/\/ljubisatrivic.com\/blepk\/wp-content\/uploads\/2019\/09\/strategija_image4.jpg\" alt=\"Strategija\" itemprop=\"image\" height=\"370\" width=\"575\" title=\"Strategija\" onerror=\"this.style.display='none'\"  \/>\n\t<p><strong>Javni prostor<\/strong><\/p>\n\t\t\t\t<img loading=\"lazy\" decoding=\"async\" src=\"https:\/\/ljubisatrivic.com\/blepk\/wp-content\/uploads\/2019\/09\/strategija_image2.jpg\" alt=\"Strategija\" itemprop=\"image\" height=\"370\" width=\"575\" title=\"Strategija\" onerror=\"this.style.display='none'\"  \/>\n\t<p><strong>Autenti\u010dna, profesionalna scena<\/strong><\/p>\n\t\t\t\t<img loading=\"lazy\" decoding=\"async\" src=\"https:\/\/ljubisatrivic.com\/blepk\/wp-content\/uploads\/2019\/09\/strategija_image1.jpg\" alt=\"Strategija\" itemprop=\"image\" height=\"370\" width=\"575\" title=\"Strategija\" onerror=\"this.style.display='none'\"  \/>\n","protected":false},"excerpt":{"rendered":"<p>Strategija Banjaluka 2024 Evropska prestonica kulture Grad kandidat Dokument Strategija razvoja kulture grada Banjaluka 2018-2028 usvojen je 26. juna 2018. godinena sjednici Skup\u0161tine grada. Ovaj dokument, na kojem se radilo vi\u0161e od godinu dana i koji je skoro dva mjeseca bio u javnoj raspravi, donosi viziju, misiju i strate\u0161ka opredjeljenja kulturnog razvoja u period od &hellip;<\/p>\n<p class=\"read-more\"> <a class=\"\" href=\"https:\/\/ljubisatrivic.com\/blepk\/la\/strategija\/\"> <span class=\"screen-reader-text\">Strategija<\/span> Read More &raquo;<\/a><\/p>\n","protected":false},"author":1,"featured_media":0,"parent":0,"menu_order":0,"comment_status":"closed","ping_status":"closed","template":"","meta":{"footnotes":""},"_links":{"self":[{"href":"https:\/\/ljubisatrivic.com\/blepk\/wp-json\/wp\/v2\/pages\/1036"}],"collection":[{"href":"https:\/\/ljubisatrivic.com\/blepk\/wp-json\/wp\/v2\/pages"}],"about":[{"href":"https:\/\/ljubisatrivic.com\/blepk\/wp-json\/wp\/v2\/types\/page"}],"author":[{"embeddable":true,"href":"https:\/\/ljubisatrivic.com\/blepk\/wp-json\/wp\/v2\/users\/1"}],"replies":[{"embeddable":true,"href":"https:\/\/ljubisatrivic.com\/blepk\/wp-json\/wp\/v2\/comments?post=1036"}],"version-history":[{"count":50,"href":"https:\/\/ljubisatrivic.com\/blepk\/wp-json\/wp\/v2\/pages\/1036\/revisions"}],"predecessor-version":[{"id":1433,"href":"https:\/\/ljubisatrivic.com\/blepk\/wp-json\/wp\/v2\/pages\/1036\/revisions\/1433"}],"wp:attachment":[{"href":"https:\/\/ljubisatrivic.com\/blepk\/wp-json\/wp\/v2\/media?parent=1036"}],"curies":[{"name":"wp","href":"https:\/\/api.w.org\/{rel}","templated":true}]}}