{"id":709,"date":"2018-06-03T11:22:58","date_gmt":"2018-06-03T11:22:58","guid":{"rendered":"https:\/\/ljubisatrivic.com\/blepk\/?page_id=709"},"modified":"2019-09-10T18:29:08","modified_gmt":"2019-09-10T18:29:08","slug":"kontakt-stranica","status":"publish","type":"page","link":"https:\/\/ljubisatrivic.com\/blepk\/la\/kontakt-stranica\/","title":{"rendered":"Kontakt"},"content":{"rendered":"\n\t<h1>Kontaktirajte nas<\/h1>\n<p>Da bismo bili uspje\u0161ni u ovom procesu, potrebna nam je va\u0161a pomo\u0107. Javite nam va\u0161e prijedloge, ideje i kritike koje imate. Rado \u0107emo vas saslu\u0161ati!<\/p>\n\t<p>[gravityform id=3 title=false description=false ajax=true ]<\/p>\n","protected":false},"excerpt":{"rendered":"<p>Kontaktirajte nas Da bismo bili uspje\u0161ni u ovom procesu, potrebna nam je va\u0161a pomo\u0107. Javite nam va\u0161e prijedloge, ideje i kritike koje imate. Rado \u0107emo vas saslu\u0161ati! [gravityform id=3 title=false description=false ajax=true ]<\/p>\n","protected":false},"author":1,"featured_media":0,"parent":0,"menu_order":0,"comment_status":"closed","ping_status":"closed","template":"","meta":{"footnotes":""},"_links":{"self":[{"href":"https:\/\/ljubisatrivic.com\/blepk\/wp-json\/wp\/v2\/pages\/709"}],"collection":[{"href":"https:\/\/ljubisatrivic.com\/blepk\/wp-json\/wp\/v2\/pages"}],"about":[{"href":"https:\/\/ljubisatrivic.com\/blepk\/wp-json\/wp\/v2\/types\/page"}],"author":[{"embeddable":true,"href":"https:\/\/ljubisatrivic.com\/blepk\/wp-json\/wp\/v2\/users\/1"}],"replies":[{"embeddable":true,"href":"https:\/\/ljubisatrivic.com\/blepk\/wp-json\/wp\/v2\/comments?post=709"}],"version-history":[{"count":17,"href":"https:\/\/ljubisatrivic.com\/blepk\/wp-json\/wp\/v2\/pages\/709\/revisions"}],"predecessor-version":[{"id":1417,"href":"https:\/\/ljubisatrivic.com\/blepk\/wp-json\/wp\/v2\/pages\/709\/revisions\/1417"}],"wp:attachment":[{"href":"https:\/\/ljubisatrivic.com\/blepk\/wp-json\/wp\/v2\/media?parent=709"}],"curies":[{"name":"wp","href":"https:\/\/api.w.org\/{rel}","templated":true}]}}